{"id":523,"date":"2008-03-10T00:02:00","date_gmt":"2008-03-09T22:02:00","guid":{"rendered":"http:\/\/www.fxbodin.com\/iboga\/documents\/le-bassin-et-les-passes-darcachon-par-jm-bouchet"},"modified":"2020-04-26T17:37:53","modified_gmt":"2020-04-26T16:37:53","slug":"le-bassin-et-les-passes-darcachon-par-jm-bouchet","status":"publish","type":"page","link":"https:\/\/www.fxbodin.com\/iboga\/documents\/le-bassin-et-les-passes-darcachon-par-jm-bouchet","title":{"rendered":"Le Bassin et les passes d&rsquo;Arcachon, par JM Bouchet"},"content":{"rendered":"<p>Article de Jean-Marie Bouchet, Directeur de recherche au CNRS, Ifremer Arcachon, paru dans la revue \u00ab\u00a0Cols Bleus\u00a0\u00bb n\u00b0 2392 du 19 avril 1997<br \/>\n<div id=\"attachment_6179\" style=\"width: 646px\" class=\"wp-caption aligncenter\"><a href=\"https:\/\/www.fxbodin.com\/iboga\/files\/texte-bouchet-passes-1997.pdf\"><img loading=\"lazy\" decoding=\"async\" aria-describedby=\"caption-attachment-6179\" src=\"https:\/\/www.fxbodin.com\/iboga\/files\/le-bassin-et-les-passes-darcachon-par-jean-marie-bouchet_2321602583_o.jpg\" alt=\"le-bassin-et-les-passes-darcachon-par-jean-marie-bouchet_2321602583_o\" width=\"636\" height=\"876\" class=\"size-full wp-image-6179\" srcset=\"https:\/\/www.fxbodin.com\/iboga\/files\/le-bassin-et-les-passes-darcachon-par-jean-marie-bouchet_2321602583_o.jpg 636w, https:\/\/www.fxbodin.com\/iboga\/files\/le-bassin-et-les-passes-darcachon-par-jean-marie-bouchet_2321602583_o-450x620.jpg 450w\" sizes=\"auto, (max-width: 636px) 100vw, 636px\" \/><\/a><p id=\"caption-attachment-6179\" class=\"wp-caption-text\"><a title=\"T\u00e9l\u00e9chargez le texte int\u00e9gral de l'article 'Le Bassin et les passes d'Arcachon'\" href=\"https:\/\/www.fxbodin.com\/iboga\/files\/texte-bouchet-passes-1997.pdf\">T\u00e9l\u00e9chargez le texte int\u00e9gral de l&rsquo;article &lsquo;Le Bassin et les passes d&rsquo;Arcachon&rsquo;<\/a><\/p><\/div>\n<p>Jean-Marie Bouchet, scientifique et v\u00e9ritable amoureux du Bassin, l&rsquo;\u00e9tudie, le d\u00e9crit, l&rsquo;explique et le fait aimer depuis 1966. Il est l&rsquo;auteur de fameuses cartes th\u00e9matiques du Bassin aussi explicites et instructives que belles. Dans cet article de Col Bleus, le magazine de la Marine nationale fran\u00e7aise, il d\u00e9crit et explique les passes du Bassin, ses dangers et les naufrages les plus marquants de son histoire, mais aussi l&rsquo;histoire de son balisage et des aides \u00e0 la navigation.<\/p>\n<p>Extraits<!--more--><\/p>\n<blockquote><p>Le vent est tomb\u00e9, le bassin est calme comme un lagon. Au large, la mer est belle, la m\u00e9t\u00e9o excellente. Mais, la tr\u00e8s longue houle g\u00e9n\u00e9r\u00e9e par les d\u00e9pressions de l&rsquo;Atlantique nord-ouest arrive sur les fonds de trente m\u00e8tres, tout pr\u00e8s de la c\u00f4te, puis sur ceux de vingt-cinq m\u00e8tres. Brutalement, sur moins d&rsquo;un demi- mille, elle bute sur cette immense dune sous-marine de l&rsquo;entr\u00e9e, qui se trouve \u00e0 cinq m\u00e8tres sous la surrface. Elle se cambre, casse, d\u00e9ferle, entra\u00eenant avec elle des centaines de tonnes de sables et de graviers, puis elle affronte les courants de jusant puissants qui sortent du bassin. Les passes sont alors ferm\u00e9es par un mur d&rsquo;eau continu. Les d\u00e9ferlantes peuvent d\u00e9passer douze m\u00e8tres de haut lors des temp\u00eates. Dans les creux, le fond est tout pr\u00e8s, mais personne n&rsquo;y est all\u00e9 voir pour le dire. Nombreux ont talonn\u00e9. Certains sont pass\u00e9s.<\/p>\n<p>Un autre cas de figure peut se pr\u00e9senter : au large, r\u00e8gne une mer agit\u00e9e, moutonneuse, un vent fort d&rsquo;ouest souffle. Le bassin subit un m\u00e9chant clapot. Pourtant les passes sont praticables, car la houle est tomb\u00e9e. C&rsquo;est le paradoxe arcachonnais.<\/p><\/blockquote>\n<blockquote><p>Passe sud et passe nord sont de tous temps les deux exutoires soit antagonistes, soit en alternance, selon un cycle d&rsquo;ouverture et de fermeture de 70 \u00e0 80 ans. Cet ensemble mobile progresse lentement vers le sud depuis la nuit des temps. De 1708 \u00e0 1996, la passe sud a ainsi migr\u00e9 vers le sud de 11 kilom\u00e8tres. En 1708,elle occupait la position de la passe nord actuelle en latitude et longitude. Son orientation du fait de sa d\u00e9rive est rarement plein ouest. Son axe s&rsquo;incline, atteint la c\u00f4te du Pyla, son extr\u00e9mit\u00e9 continue sa progression et finit par s&rsquo;accoler \u00e0 la c\u00f4te \u00e0 la latitude du \u00abwharf\u00bb de la Salie, aujourd&rsquo;hui comme en 1923 ; mais \u00e0 ce moment, ou quelques ann\u00e9es auparavant, la passe nord devient active. C&rsquo;est actuellement le cas.<\/p><\/blockquote>\n<p>T\u00e9l\u00e9chargez l&rsquo;<a title=\"Article \u2018Le bassin et les passes d\u2019Arcachon\u2019 par Jean-Marie Bouchet - texte int\u00e9gral\" href=\"https:\/\/www.fxbodin.com\/iboga\/files\/texte-bouchet-passes-1997.pdf\">article \u00ab\u00a0Le bassin et les passes d\u2019Arcachon\u00a0\u00bb par Jean-Marie Bouchet &#8211; texte int\u00e9gral<\/a><\/p>\n","protected":false},"excerpt":{"rendered":"<p>Article de Jean-Marie Bouchet, Directeur de recherche au CNRS, Ifremer Arcachon, paru dans la revue \u00ab\u00a0Cols Bleus\u00a0\u00bb n\u00b0 2392 du 19 avril 1997 Jean-Marie Bouchet, scientifique et v\u00e9ritable amoureux du Bassin, l&rsquo;\u00e9tudie, le d\u00e9crit, l&rsquo;explique et le fait aimer depuis 1966. Il est l&rsquo;auteur de fameuses cartes th\u00e9matiques du Bassin aussi explicites et instructives que [&hellip;]<\/p>\n","protected":false},"author":1,"featured_media":6179,"parent":455,"menu_order":0,"comment_status":"open","ping_status":"open","template":"","meta":{"footnotes":""},"class_list":["post-523","page","type-page","status-publish","has-post-thumbnail","hentry"],"_links":{"self":[{"href":"https:\/\/www.fxbodin.com\/iboga\/wp-json\/wp\/v2\/pages\/523","targetHints":{"allow":["GET"]}}],"collection":[{"href":"https:\/\/www.fxbodin.com\/iboga\/wp-json\/wp\/v2\/pages"}],"about":[{"href":"https:\/\/www.fxbodin.com\/iboga\/wp-json\/wp\/v2\/types\/page"}],"author":[{"embeddable":true,"href":"https:\/\/www.fxbodin.com\/iboga\/wp-json\/wp\/v2\/users\/1"}],"replies":[{"embeddable":true,"href":"https:\/\/www.fxbodin.com\/iboga\/wp-json\/wp\/v2\/comments?post=523"}],"version-history":[{"count":0,"href":"https:\/\/www.fxbodin.com\/iboga\/wp-json\/wp\/v2\/pages\/523\/revisions"}],"up":[{"embeddable":true,"href":"https:\/\/www.fxbodin.com\/iboga\/wp-json\/wp\/v2\/pages\/455"}],"wp:featuredmedia":[{"embeddable":true,"href":"https:\/\/www.fxbodin.com\/iboga\/wp-json\/wp\/v2\/media\/6179"}],"wp:attachment":[{"href":"https:\/\/www.fxbodin.com\/iboga\/wp-json\/wp\/v2\/media?parent=523"}],"curies":[{"name":"wp","href":"https:\/\/api.w.org\/{rel}","templated":true}]}}