{"id":486,"date":"2007-09-21T21:54:20","date_gmt":"2007-09-21T19:54:20","guid":{"rendered":"http:\/\/www.fxbodin.com\/iboga\/documents\/essai-a-la-barre-du-jouet-680"},"modified":"2020-05-01T16:28:12","modified_gmt":"2020-05-01T15:28:12","slug":"essai-a-la-barre-du-jouet-680","status":"publish","type":"page","link":"https:\/\/www.fxbodin.com\/iboga\/documents\/essai-a-la-barre-du-jouet-680","title":{"rendered":"Essai : \u00e0 la barre du Jou\u00ebt 680"},"content":{"rendered":"<p><em>La proportion de plaisanciers pratiquant la course au large ne d\u00e9passe pas un pour cent selon les chiffres les plus optimistes. De l\u00e0 \u00e0 condamner ou \u00e0 ignorer son influence, il n&rsquo;y a qu&rsquo;un pas que Jean Berret a franchi en sens inverse. Son Jou\u00ebt 680 apporte \u00e0 la croisi\u00e8re la formule qui a r\u00e9volutionn\u00e9 l\u2019I.O.R. ces derni\u00e8res ann\u00e9es : le d\u00e9riveur \u00e0 lest int\u00e9rieur.<\/em><\/p>\n<p>Par curiosit\u00e9, nous nous sommes demand\u00e9 \u00e0 quoi correspondait le nombre 680 accol\u00e9 \u00e0 la marque pour d\u00e9signer ce mod\u00e8le. Chez ce constructeur, il semble s&rsquo;agir de la longueur de coque y compris le safran ext\u00e9rieur accroch\u00e9 au tableau. Si l&rsquo;on rajoute le balcon, on obtient 7,32 m, tandis que la coque seule mesure 6,55 m. Cette \u00e9num\u00e9ration de chiffres pourrait para\u00eetre superflue, mais dans cette taille de bateau trente centim\u00e8tres de plus ou de moins peuvent influer de mani\u00e8re importante sur l&rsquo;habitabilit\u00e9. La comparaison avec les bateaux \u00e9quivalents de la concurrence fait ressortir une longueur de flottaison sensiblement plus importante \u00e0 l&rsquo;avantage du Jou\u00ebt 680 ainsi qu&rsquo;un d\u00e9placement plut\u00f4t \u00e9lev\u00e9, tandis que la surface de voilure reste dans les m\u00eames chiffres avec 25 m2 en additionnant la grand-voile et le g\u00e9nois. Mais la comparaison s&rsquo;arr\u00eate l\u00e0 d\u00e8s que l&rsquo;on aborde la conception de la coque.<\/p>\n<div id=\"attachment_487\" style=\"width: 717px\" class=\"wp-caption aligncenter\"><a href=\"https:\/\/www.fxbodin.com\/iboga\/files\/a-la-barre-du-jouet-680.pdf\"><img loading=\"lazy\" decoding=\"async\" aria-describedby=\"caption-attachment-487\" src=\"https:\/\/www.fxbodin.com\/iboga\/files\/a-la-barre-du-jouet-680-707x1024.gif\" alt=\"Premi\u00e8re page de l&#039;essai\" width=\"707\" height=\"1024\" class=\"size-large wp-image-487\" srcset=\"https:\/\/www.fxbodin.com\/iboga\/files\/a-la-barre-du-jouet-680-707x1024.gif 707w, https:\/\/www.fxbodin.com\/iboga\/files\/a-la-barre-du-jouet-680-207x300.gif 207w, https:\/\/www.fxbodin.com\/iboga\/files\/a-la-barre-du-jouet-680.gif 891w\" sizes=\"auto, (max-width: 707px) 100vw, 707px\" \/><\/a><p id=\"caption-attachment-487\" class=\"wp-caption-text\">Essai revue Bateaux n\u00b0 253, juin 1979 : cliquez pour le texte int\u00e9gral de l\u2019article de Bateaux<\/p><\/div>\n<p>Lire <a href='https:\/\/www.fxbodin.com\/iboga\/files\/a-la-barre-du-jouet-680.pdf' title='Le texte int\u00e9gral de l\u2019article de Bateaux'>Le texte int\u00e9gral de l\u2019article de Bateaux<\/a><\/p>\n<tr>Voir les 18 illustrations, sch\u00e9mas, photos et chiffres cl\u00e9s de l&rsquo;essai<\/p>\n<div class=\"su-image-carousel  su-image-carousel-has-spacing su-image-carousel-has-outline su-image-carousel-adaptive su-image-carousel-slides-style-photo su-image-carousel-controls-style-dark su-image-carousel-align-none\" style=\"\" data-flickity-options='{\"groupCells\":true,\"cellSelector\":\".su-image-carousel-item\",\"adaptiveHeight\":true,\"cellAlign\":\"left\",\"prevNextButtons\":true,\"pageDots\":true,\"autoPlay\":5000,\"imagesLoaded\":true,\"contain\":false,\"selectedAttraction\":0.025,\"friction\":0.28}' id=\"su_image_carousel_69e503d1f106c\"><div class=\"su-image-carousel-item\"><div class=\"su-image-carousel-item-content\"><img loading=\"lazy\" decoding=\"async\" width=\"750\" height=\"429\" src=\"https:\/\/www.fxbodin.com\/iboga\/files\/jout-680-quipage-au-rappel_1414102404_o-750x429.jpg\" class=\"\" alt=\"\" srcset=\"https:\/\/www.fxbodin.com\/iboga\/files\/jout-680-quipage-au-rappel_1414102404_o-750x429.jpg 750w, https:\/\/www.fxbodin.com\/iboga\/files\/jout-680-quipage-au-rappel_1414102404_o-450x257.jpg 450w, https:\/\/www.fxbodin.com\/iboga\/files\/jout-680-quipage-au-rappel_1414102404_o-768x439.jpg 768w, https:\/\/www.fxbodin.com\/iboga\/files\/jout-680-quipage-au-rappel_1414102404_o.jpg 1084w\" sizes=\"auto, (max-width: 750px) 100vw, 750px\" \/><\/div><\/div><div class=\"su-image-carousel-item\"><div class=\"su-image-carousel-item-content\"><img loading=\"lazy\" decoding=\"async\" width=\"750\" height=\"445\" src=\"https:\/\/www.fxbodin.com\/iboga\/files\/jout-680-poste-avant_1413220649_o-750x445.jpg\" class=\"\" alt=\"\" srcset=\"https:\/\/www.fxbodin.com\/iboga\/files\/jout-680-poste-avant_1413220649_o-750x445.jpg 750w, https:\/\/www.fxbodin.com\/iboga\/files\/jout-680-poste-avant_1413220649_o-450x267.jpg 450w, https:\/\/www.fxbodin.com\/iboga\/files\/jout-680-poste-avant_1413220649_o-768x455.jpg 768w, https:\/\/www.fxbodin.com\/iboga\/files\/jout-680-poste-avant_1413220649_o.jpg 1100w\" sizes=\"auto, (max-width: 750px) 100vw, 750px\" \/><\/div><\/div><div class=\"su-image-carousel-item\"><div class=\"su-image-carousel-item-content\"><img loading=\"lazy\" decoding=\"async\" width=\"750\" height=\"603\" src=\"https:\/\/www.fxbodin.com\/iboga\/files\/jout-680-pont-vu-du-ponton_1414102138_o-750x603.jpg\" class=\"\" alt=\"\" srcset=\"https:\/\/www.fxbodin.com\/iboga\/files\/jout-680-pont-vu-du-ponton_1414102138_o-750x603.jpg 750w, https:\/\/www.fxbodin.com\/iboga\/files\/jout-680-pont-vu-du-ponton_1414102138_o-450x362.jpg 450w, https:\/\/www.fxbodin.com\/iboga\/files\/jout-680-pont-vu-du-ponton_1414102138_o-768x618.jpg 768w, https:\/\/www.fxbodin.com\/iboga\/files\/jout-680-pont-vu-du-ponton_1414102138_o.jpg 1084w\" sizes=\"auto, (max-width: 750px) 100vw, 750px\" \/><\/div><\/div><div class=\"su-image-carousel-item\"><div class=\"su-image-carousel-item-content\"><img loading=\"lazy\" decoding=\"async\" width=\"750\" height=\"615\" src=\"https:\/\/www.fxbodin.com\/iboga\/files\/jout-680-pont-details_1413220367_o-750x615.jpg\" class=\"\" alt=\"\" srcset=\"https:\/\/www.fxbodin.com\/iboga\/files\/jout-680-pont-details_1413220367_o-750x615.jpg 750w, https:\/\/www.fxbodin.com\/iboga\/files\/jout-680-pont-details_1413220367_o-450x369.jpg 450w, https:\/\/www.fxbodin.com\/iboga\/files\/jout-680-pont-details_1413220367_o-768x630.jpg 768w, https:\/\/www.fxbodin.com\/iboga\/files\/jout-680-pont-details_1413220367_o.jpg 1084w\" sizes=\"auto, (max-width: 750px) 100vw, 750px\" \/><\/div><\/div><div class=\"su-image-carousel-item\"><div class=\"su-image-carousel-item-content\"><img loading=\"lazy\" decoding=\"async\" width=\"750\" height=\"509\" src=\"https:\/\/www.fxbodin.com\/iboga\/files\/jout-680-pont-cokpit_1414101856_o-750x509.jpg\" class=\"\" alt=\"\" srcset=\"https:\/\/www.fxbodin.com\/iboga\/files\/jout-680-pont-cokpit_1414101856_o-750x509.jpg 750w, https:\/\/www.fxbodin.com\/iboga\/files\/jout-680-pont-cokpit_1414101856_o-450x306.jpg 450w, https:\/\/www.fxbodin.com\/iboga\/files\/jout-680-pont-cokpit_1414101856_o-768x521.jpg 768w, https:\/\/www.fxbodin.com\/iboga\/files\/jout-680-pont-cokpit_1414101856_o.jpg 1084w\" sizes=\"auto, (max-width: 750px) 100vw, 750px\" \/><\/div><\/div><div class=\"su-image-carousel-item\"><div class=\"su-image-carousel-item-content\"><img loading=\"lazy\" decoding=\"async\" width=\"750\" height=\"1044\" src=\"https:\/\/www.fxbodin.com\/iboga\/files\/jout-680-plan-de-voiles_1413220109_o-750x1044.jpg\" class=\"\" alt=\"\" srcset=\"https:\/\/www.fxbodin.com\/iboga\/files\/jout-680-plan-de-voiles_1413220109_o-750x1044.jpg 750w, https:\/\/www.fxbodin.com\/iboga\/files\/jout-680-plan-de-voiles_1413220109_o-450x626.jpg 450w, https:\/\/www.fxbodin.com\/iboga\/files\/jout-680-plan-de-voiles_1413220109_o-768x1069.jpg 768w, https:\/\/www.fxbodin.com\/iboga\/files\/jout-680-plan-de-voiles_1413220109_o.jpg 1072w\" sizes=\"auto, (max-width: 750px) 100vw, 750px\" \/><\/div><\/div><div class=\"su-image-carousel-item\"><div class=\"su-image-carousel-item-content\"><img loading=\"lazy\" decoding=\"async\" width=\"750\" height=\"494\" src=\"https:\/\/www.fxbodin.com\/iboga\/files\/jout-680-plan-de-formes_1413219991_o-750x494.jpg\" class=\"\" alt=\"\" srcset=\"https:\/\/www.fxbodin.com\/iboga\/files\/jout-680-plan-de-formes_1413219991_o-750x494.jpg 750w, https:\/\/www.fxbodin.com\/iboga\/files\/jout-680-plan-de-formes_1413219991_o-450x296.jpg 450w, https:\/\/www.fxbodin.com\/iboga\/files\/jout-680-plan-de-formes_1413219991_o-768x506.jpg 768w, https:\/\/www.fxbodin.com\/iboga\/files\/jout-680-plan-de-formes_1413219991_o-1536x1012.jpg 1536w, https:\/\/www.fxbodin.com\/iboga\/files\/jout-680-plan-de-formes_1413219991_o-2048x1349.jpg 2048w\" sizes=\"auto, (max-width: 750px) 100vw, 750px\" \/><\/div><\/div><div class=\"su-image-carousel-item\"><div class=\"su-image-carousel-item-content\"><img loading=\"lazy\" decoding=\"async\" width=\"750\" height=\"494\" src=\"https:\/\/www.fxbodin.com\/iboga\/files\/jout-680-plan-amenagements_1414101416_o-750x494.jpg\" class=\"\" alt=\"\" srcset=\"https:\/\/www.fxbodin.com\/iboga\/files\/jout-680-plan-amenagements_1414101416_o-750x494.jpg 750w, https:\/\/www.fxbodin.com\/iboga\/files\/jout-680-plan-amenagements_1414101416_o-450x296.jpg 450w, https:\/\/www.fxbodin.com\/iboga\/files\/jout-680-plan-amenagements_1414101416_o-768x506.jpg 768w, https:\/\/www.fxbodin.com\/iboga\/files\/jout-680-plan-amenagements_1414101416_o-1536x1011.jpg 1536w, https:\/\/www.fxbodin.com\/iboga\/files\/jout-680-plan-amenagements_1414101416_o-2048x1348.jpg 2048w\" sizes=\"auto, (max-width: 750px) 100vw, 750px\" \/><\/div><\/div><div class=\"su-image-carousel-item\"><div class=\"su-image-carousel-item-content\"><img loading=\"lazy\" decoding=\"async\" width=\"750\" height=\"1129\" src=\"https:\/\/www.fxbodin.com\/iboga\/files\/jout-680-navigation-de-face_1414101210_o-750x1129.jpg\" class=\"\" alt=\"\" srcset=\"https:\/\/www.fxbodin.com\/iboga\/files\/jout-680-navigation-de-face_1414101210_o-750x1129.jpg 750w, https:\/\/www.fxbodin.com\/iboga\/files\/jout-680-navigation-de-face_1414101210_o-450x677.jpg 450w, https:\/\/www.fxbodin.com\/iboga\/files\/jout-680-navigation-de-face_1414101210_o-768x1156.jpg 768w, https:\/\/www.fxbodin.com\/iboga\/files\/jout-680-navigation-de-face_1414101210_o-1021x1536.jpg 1021w, https:\/\/www.fxbodin.com\/iboga\/files\/jout-680-navigation-de-face_1414101210_o-1361x2048.jpg 1361w, https:\/\/www.fxbodin.com\/iboga\/files\/jout-680-navigation-de-face_1414101210_o.jpg 1671w\" sizes=\"auto, (max-width: 750px) 100vw, 750px\" \/><\/div><\/div><div class=\"su-image-carousel-item\"><div class=\"su-image-carousel-item-content\"><img loading=\"lazy\" decoding=\"async\" width=\"750\" height=\"1130\" src=\"https:\/\/www.fxbodin.com\/iboga\/files\/jout-680-fiche-technique-comparee_1413219133_o-750x1130.jpg\" class=\"\" alt=\"\" srcset=\"https:\/\/www.fxbodin.com\/iboga\/files\/jout-680-fiche-technique-comparee_1413219133_o-750x1130.jpg 750w, https:\/\/www.fxbodin.com\/iboga\/files\/jout-680-fiche-technique-comparee_1413219133_o-450x678.jpg 450w, https:\/\/www.fxbodin.com\/iboga\/files\/jout-680-fiche-technique-comparee_1413219133_o-768x1157.jpg 768w, https:\/\/www.fxbodin.com\/iboga\/files\/jout-680-fiche-technique-comparee_1413219133_o-1020x1536.jpg 1020w, https:\/\/www.fxbodin.com\/iboga\/files\/jout-680-fiche-technique-comparee_1413219133_o-1360x2048.jpg 1360w, https:\/\/www.fxbodin.com\/iboga\/files\/jout-680-fiche-technique-comparee_1413219133_o.jpg 1663w\" sizes=\"auto, (max-width: 750px) 100vw, 750px\" \/><\/div><\/div><div class=\"su-image-carousel-item\"><div class=\"su-image-carousel-item-content\"><img loading=\"lazy\" decoding=\"async\" width=\"750\" height=\"662\" src=\"https:\/\/www.fxbodin.com\/iboga\/files\/jout-680-evolution_1413218757_o-750x662.jpg\" class=\"\" alt=\"\" srcset=\"https:\/\/www.fxbodin.com\/iboga\/files\/jout-680-evolution_1413218757_o-750x662.jpg 750w, https:\/\/www.fxbodin.com\/iboga\/files\/jout-680-evolution_1413218757_o-450x397.jpg 450w, https:\/\/www.fxbodin.com\/iboga\/files\/jout-680-evolution_1413218757_o-768x678.jpg 768w, https:\/\/www.fxbodin.com\/iboga\/files\/jout-680-evolution_1413218757_o.jpg 1070w\" sizes=\"auto, (max-width: 750px) 100vw, 750px\" \/><\/div><\/div><div class=\"su-image-carousel-item\"><div class=\"su-image-carousel-item-content\"><img loading=\"lazy\" decoding=\"async\" width=\"750\" height=\"868\" src=\"https:\/\/www.fxbodin.com\/iboga\/files\/jout-680-etarquage-drisse_1413218625_o-750x868.jpg\" class=\"\" alt=\"\" srcset=\"https:\/\/www.fxbodin.com\/iboga\/files\/jout-680-etarquage-drisse_1413218625_o-750x868.jpg 750w, https:\/\/www.fxbodin.com\/iboga\/files\/jout-680-etarquage-drisse_1413218625_o-450x521.jpg 450w, https:\/\/www.fxbodin.com\/iboga\/files\/jout-680-etarquage-drisse_1413218625_o-768x888.jpg 768w, https:\/\/www.fxbodin.com\/iboga\/files\/jout-680-etarquage-drisse_1413218625_o.jpg 1084w\" sizes=\"auto, (max-width: 750px) 100vw, 750px\" \/><\/div><\/div><div class=\"su-image-carousel-item\"><div class=\"su-image-carousel-item-content\"><img loading=\"lazy\" decoding=\"async\" width=\"750\" height=\"433\" src=\"https:\/\/www.fxbodin.com\/iboga\/files\/jout-680-equipage_1413218425_o-750x433.jpg\" class=\"\" alt=\"\" srcset=\"https:\/\/www.fxbodin.com\/iboga\/files\/jout-680-equipage_1413218425_o-750x433.jpg 750w, https:\/\/www.fxbodin.com\/iboga\/files\/jout-680-equipage_1413218425_o-450x260.jpg 450w, https:\/\/www.fxbodin.com\/iboga\/files\/jout-680-equipage_1413218425_o-768x444.jpg 768w, https:\/\/www.fxbodin.com\/iboga\/files\/jout-680-equipage_1413218425_o.jpg 1084w\" sizes=\"auto, (max-width: 750px) 100vw, 750px\" \/><\/div><\/div><div class=\"su-image-carousel-item\"><div class=\"su-image-carousel-item-content\"><img loading=\"lazy\" decoding=\"async\" width=\"750\" height=\"507\" src=\"https:\/\/www.fxbodin.com\/iboga\/files\/jout-680-eclate_1414099856_o-750x507.jpg\" class=\"\" alt=\"\" srcset=\"https:\/\/www.fxbodin.com\/iboga\/files\/jout-680-eclate_1414099856_o-750x507.jpg 750w, https:\/\/www.fxbodin.com\/iboga\/files\/jout-680-eclate_1414099856_o-450x304.jpg 450w, https:\/\/www.fxbodin.com\/iboga\/files\/jout-680-eclate_1414099856_o-768x519.jpg 768w, https:\/\/www.fxbodin.com\/iboga\/files\/jout-680-eclate_1414099856_o-1536x1038.jpg 1536w, https:\/\/www.fxbodin.com\/iboga\/files\/jout-680-eclate_1414099856_o-2048x1384.jpg 2048w\" sizes=\"auto, (max-width: 750px) 100vw, 750px\" \/><\/div><\/div><div class=\"su-image-carousel-item\"><div class=\"su-image-carousel-item-content\"><img loading=\"lazy\" decoding=\"async\" width=\"750\" height=\"843\" src=\"https:\/\/www.fxbodin.com\/iboga\/files\/jout-680-details-interieur_1414099512_o-750x843.jpg\" class=\"\" alt=\"\" srcset=\"https:\/\/www.fxbodin.com\/iboga\/files\/jout-680-details-interieur_1414099512_o-750x843.jpg 750w, https:\/\/www.fxbodin.com\/iboga\/files\/jout-680-details-interieur_1414099512_o-450x506.jpg 450w, https:\/\/www.fxbodin.com\/iboga\/files\/jout-680-details-interieur_1414099512_o-768x863.jpg 768w, https:\/\/www.fxbodin.com\/iboga\/files\/jout-680-details-interieur_1414099512_o.jpg 1100w\" sizes=\"auto, (max-width: 750px) 100vw, 750px\" \/><\/div><\/div><div class=\"su-image-carousel-item\"><div class=\"su-image-carousel-item-content\"><img loading=\"lazy\" decoding=\"async\" width=\"750\" height=\"424\" src=\"https:\/\/www.fxbodin.com\/iboga\/files\/jout-680-couchettes-arriere_1414099356_o-750x424.jpg\" class=\"\" alt=\"\" srcset=\"https:\/\/www.fxbodin.com\/iboga\/files\/jout-680-couchettes-arriere_1414099356_o-750x424.jpg 750w, https:\/\/www.fxbodin.com\/iboga\/files\/jout-680-couchettes-arriere_1414099356_o-450x254.jpg 450w, https:\/\/www.fxbodin.com\/iboga\/files\/jout-680-couchettes-arriere_1414099356_o-768x434.jpg 768w, https:\/\/www.fxbodin.com\/iboga\/files\/jout-680-couchettes-arriere_1414099356_o.jpg 1100w\" sizes=\"auto, (max-width: 750px) 100vw, 750px\" \/><\/div><\/div><div class=\"su-image-carousel-item\"><div class=\"su-image-carousel-item-content\"><img loading=\"lazy\" decoding=\"async\" width=\"750\" height=\"559\" src=\"https:\/\/www.fxbodin.com\/iboga\/files\/jout-680-contremoule_1413217727_o-750x559.jpg\" class=\"\" alt=\"\" srcset=\"https:\/\/www.fxbodin.com\/iboga\/files\/jout-680-contremoule_1413217727_o-750x559.jpg 750w, https:\/\/www.fxbodin.com\/iboga\/files\/jout-680-contremoule_1413217727_o-450x336.jpg 450w, https:\/\/www.fxbodin.com\/iboga\/files\/jout-680-contremoule_1413217727_o-768x573.jpg 768w, https:\/\/www.fxbodin.com\/iboga\/files\/jout-680-contremoule_1413217727_o.jpg 1070w\" sizes=\"auto, (max-width: 750px) 100vw, 750px\" \/><\/div><\/div><div class=\"su-image-carousel-item\"><div class=\"su-image-carousel-item-content\"><img loading=\"lazy\" decoding=\"async\" width=\"750\" height=\"513\" src=\"https:\/\/www.fxbodin.com\/iboga\/files\/jout-680-au-pres_1414099116_o-750x513.jpg\" class=\"\" alt=\"\" srcset=\"https:\/\/www.fxbodin.com\/iboga\/files\/jout-680-au-pres_1414099116_o-750x513.jpg 750w, https:\/\/www.fxbodin.com\/iboga\/files\/jout-680-au-pres_1414099116_o-450x308.jpg 450w, https:\/\/www.fxbodin.com\/iboga\/files\/jout-680-au-pres_1414099116_o-768x525.jpg 768w, https:\/\/www.fxbodin.com\/iboga\/files\/jout-680-au-pres_1414099116_o.jpg 1070w\" sizes=\"auto, (max-width: 750px) 100vw, 750px\" \/><\/div><\/div><\/div><script id=\"su_image_carousel_69e503d1f106c_script\">if(window.SUImageCarousel){setTimeout(function() {window.SUImageCarousel.initGallery(document.getElementById(\"su_image_carousel_69e503d1f106c\"))}, 0);}var su_image_carousel_69e503d1f106c_script=document.getElementById(\"su_image_carousel_69e503d1f106c_script\");if(su_image_carousel_69e503d1f106c_script){su_image_carousel_69e503d1f106c_script.parentNode.removeChild(su_image_carousel_69e503d1f106c_script);}<\/script>\n","protected":false},"excerpt":{"rendered":"<p>La proportion de plaisanciers pratiquant la course au large ne d\u00e9passe pas un pour cent selon les chiffres les plus optimistes. De l\u00e0 \u00e0 condamner ou \u00e0 ignorer son influence, il n&rsquo;y a qu&rsquo;un pas que Jean Berret a franchi en sens inverse. Son Jou\u00ebt 680 apporte \u00e0 la croisi\u00e8re la formule qui a r\u00e9volutionn\u00e9 [&hellip;]<\/p>\n","protected":false},"author":1,"featured_media":6159,"parent":455,"menu_order":0,"comment_status":"open","ping_status":"open","template":"","meta":{"footnotes":""},"class_list":["post-486","page","type-page","status-publish","has-post-thumbnail","hentry"],"_links":{"self":[{"href":"https:\/\/www.fxbodin.com\/iboga\/wp-json\/wp\/v2\/pages\/486","targetHints":{"allow":["GET"]}}],"collection":[{"href":"https:\/\/www.fxbodin.com\/iboga\/wp-json\/wp\/v2\/pages"}],"about":[{"href":"https:\/\/www.fxbodin.com\/iboga\/wp-json\/wp\/v2\/types\/page"}],"author":[{"embeddable":true,"href":"https:\/\/www.fxbodin.com\/iboga\/wp-json\/wp\/v2\/users\/1"}],"replies":[{"embeddable":true,"href":"https:\/\/www.fxbodin.com\/iboga\/wp-json\/wp\/v2\/comments?post=486"}],"version-history":[{"count":0,"href":"https:\/\/www.fxbodin.com\/iboga\/wp-json\/wp\/v2\/pages\/486\/revisions"}],"up":[{"embeddable":true,"href":"https:\/\/www.fxbodin.com\/iboga\/wp-json\/wp\/v2\/pages\/455"}],"wp:featuredmedia":[{"embeddable":true,"href":"https:\/\/www.fxbodin.com\/iboga\/wp-json\/wp\/v2\/media\/6159"}],"wp:attachment":[{"href":"https:\/\/www.fxbodin.com\/iboga\/wp-json\/wp\/v2\/media?parent=486"}],"curies":[{"name":"wp","href":"https:\/\/api.w.org\/{rel}","templated":true}]}}