{"id":455,"date":"2007-07-12T18:30:51","date_gmt":"2007-07-12T16:30:51","guid":{"rendered":"http:\/\/www.fxbodin.com\/iboga\/documents"},"modified":"2020-09-22T21:29:21","modified_gmt":"2020-09-22T20:29:21","slug":"documents","status":"publish","type":"page","link":"https:\/\/www.fxbodin.com\/iboga\/documents","title":{"rendered":"Documents"},"content":{"rendered":"<p><img loading=\"lazy\" decoding=\"async\" class=\"alignnone size-large wp-image-4358\" src=\"https:\/\/www.fxbodin.com\/iboga\/files\/revues-essais-680-1024x576.jpg\" alt=\"revues essais 680\" width=\"750\" height=\"421\" srcset=\"https:\/\/www.fxbodin.com\/iboga\/files\/revues-essais-680-1024x576.jpg 1024w, https:\/\/www.fxbodin.com\/iboga\/files\/revues-essais-680-300x168.jpg 300w\" sizes=\"auto, (max-width: 750px) 100vw, 750px\" \/><br \/>\nIci, je range les plans que m&rsquo;a aimablement envoy\u00e9 Jean Berret, et d&rsquo;autres documents int\u00e9ressant : scan d&rsquo;articles, essais&#8230;<\/p>\n<p><a title=\"Le plan de la d\u00e9rive\" href=\"https:\/\/www.fxbodin.com\/iboga\/files\/derive-jouet-680.jpg\">Le plan de la d\u00e9rive original, de Jean Berret<\/a><\/p>\n<p>Mieux : <a title=\"Cinquo s\u2019offre une nouvelle d\u00e9rive\" href=\"https:\/\/www.fxbodin.com\/iboga\/histoires-et-portraits\/cinquo-soffre-une-nouvelle-derive-2264\">le plan de la d\u00e9rive redessin\u00e9 (et valid\u00e9) par Denis, du Cinquo<\/a><\/p>\n<p><a title=\"Plan de la lame de safran en CP\" href=\"https:\/\/www.fxbodin.com\/iboga\/files\/safran.pdf\">Plan de la lame de safran en CP<\/a><\/p>\n<p><a href=\"documents\/essai-a-la-barre-du-jouet-680\">L&rsquo;essai \u00ab\u00a0A la barre du Jou\u00ebt 680\u00a0\u00bb, revue Bateaux n\u00b0 253, juillet 1979 <\/a><\/p>\n<p><a title=\"Essai : nos lecteurs jugent leur bateau\" href=\"documents\/essai-nos-lecteurs-jugent-leur-bateau\">Essai : \u00ab\u00a0nos lecteurs jugent leur bateau\u00a0\u00bb, revue Bateaux, n\u00b0 311, avril 1984<\/a><\/p>\n<p><a title=\"\" href=\"documents\/le-bassin-et-les-passes-darcachon-par-jm-bouchet\">Le Bassin et les passes d\u2019Arcachon, par JM Bouchet<\/a><\/p>\n<p><a href=\"https:\/\/www.fxbodin.com\/iboga\/mon-bassin-darcachon\/etude-de-la-frequentation-nautique-du-bassin-d%E2%80%99arcachon-1921\">Etude de la fr\u00e9quentation nautique du Bassin d\u2019Arcachon<\/a><\/p>\n<p><a title=\"l\\\" href=\"https:\/\/www.fxbodin.com\/iboga\/files\/Bateaux_Jouet_680_juillet_2011.zip\">Jou\u00ebt 680, un d\u00e9riveur pour le Bassin ; par E. van Deth pour Bateaux &#8211; juillet 2011<\/a> (lire <a title=\"Le Jou\u00ebt 680 \u00e0 l\u2019honneur dans Bateaux !\" href=\"https:\/\/www.fxbodin.com\/iboga\/le-jout-680\/le-jouet-680-a-lhonneur-dans-bateaux-2167\">le billet correspondant<\/a>)<\/p>\n<div id=\"attachment_4957\" style=\"width: 760px\" class=\"wp-caption aligncenter\"><a href=\"https:\/\/www.fxbodin.com\/iboga\/files\/fiche-Joue\u0308t-680-Bateaux.jpg\" rel=\"attachment wp-att-4957\"><img loading=\"lazy\" decoding=\"async\" aria-describedby=\"caption-attachment-4957\" class=\"size-large wp-image-4957\" src=\"https:\/\/www.fxbodin.com\/iboga\/files\/fiche-Joue\u0308t-680-Bateaux-750x1065.jpg\" alt=\"La fiche du Joue\u0308t 680 dans Bateaux\" width=\"750\" height=\"1065\" srcset=\"https:\/\/www.fxbodin.com\/iboga\/files\/fiche-Joue\u0308t-680-Bateaux-750x1065.jpg 750w, https:\/\/www.fxbodin.com\/iboga\/files\/fiche-Joue\u0308t-680-Bateaux-450x639.jpg 450w, https:\/\/www.fxbodin.com\/iboga\/files\/fiche-Joue\u0308t-680-Bateaux-768x1091.jpg 768w, https:\/\/www.fxbodin.com\/iboga\/files\/fiche-Joue\u0308t-680-Bateaux.jpg 940w\" sizes=\"auto, (max-width: 750px) 100vw, 750px\" \/><\/a><p id=\"caption-attachment-4957\" class=\"wp-caption-text\">La fiche du Joue\u0308t 680 dans Bateaux<\/p><\/div>\n<div id=\"attachment_4100\" style=\"width: 760px\" class=\"wp-caption alignnone\"><a href=\"https:\/\/www.fxbodin.com\/iboga\/files\/Pub-originale-Jouet-680.jpg\"><img loading=\"lazy\" decoding=\"async\" aria-describedby=\"caption-attachment-4100\" src=\"https:\/\/www.fxbodin.com\/iboga\/files\/Pub-originale-Jouet-680-1024x717.jpg\" alt=\"D\u00e9j\u00e0 tout petit, le Jou\u00ebt 680 faisait envie\" width=\"750\" height=\"525\" class=\"size-large wp-image-4100\" srcset=\"https:\/\/www.fxbodin.com\/iboga\/files\/Pub-originale-Jouet-680-1024x717.jpg 1024w, https:\/\/www.fxbodin.com\/iboga\/files\/Pub-originale-Jouet-680-300x210.jpg 300w, https:\/\/www.fxbodin.com\/iboga\/files\/Pub-originale-Jouet-680.jpg 1280w\" sizes=\"auto, (max-width: 750px) 100vw, 750px\" \/><\/a><p id=\"caption-attachment-4100\" class=\"wp-caption-text\">Pub originale Jouet 680<\/p><\/div>\n<p><span style=\"display: none;\"> code \u00e0 ajouter pour tracker les download onclick=\u00a0\u00bbpageTracker._trackPageview(&lsquo;URL&rsquo;) ;\u00a0\u00bb<\/span><\/p>\n","protected":false},"excerpt":{"rendered":"<p>Ici, je range les plans que m&rsquo;a aimablement envoy\u00e9 Jean Berret, et d&rsquo;autres documents int\u00e9ressant : scan d&rsquo;articles, essais&#8230; Le plan de la d\u00e9rive original, de Jean Berret Mieux : le plan de la d\u00e9rive redessin\u00e9 (et valid\u00e9) par Denis, du Cinquo Plan de la lame de safran en CP L&rsquo;essai \u00ab\u00a0A la barre du [&hellip;]<\/p>\n","protected":false},"author":1,"featured_media":4358,"parent":0,"menu_order":8,"comment_status":"open","ping_status":"open","template":"","meta":{"footnotes":""},"class_list":["post-455","page","type-page","status-publish","has-post-thumbnail","hentry"],"_links":{"self":[{"href":"https:\/\/www.fxbodin.com\/iboga\/wp-json\/wp\/v2\/pages\/455","targetHints":{"allow":["GET"]}}],"collection":[{"href":"https:\/\/www.fxbodin.com\/iboga\/wp-json\/wp\/v2\/pages"}],"about":[{"href":"https:\/\/www.fxbodin.com\/iboga\/wp-json\/wp\/v2\/types\/page"}],"author":[{"embeddable":true,"href":"https:\/\/www.fxbodin.com\/iboga\/wp-json\/wp\/v2\/users\/1"}],"replies":[{"embeddable":true,"href":"https:\/\/www.fxbodin.com\/iboga\/wp-json\/wp\/v2\/comments?post=455"}],"version-history":[{"count":2,"href":"https:\/\/www.fxbodin.com\/iboga\/wp-json\/wp\/v2\/pages\/455\/revisions"}],"predecessor-version":[{"id":7191,"href":"https:\/\/www.fxbodin.com\/iboga\/wp-json\/wp\/v2\/pages\/455\/revisions\/7191"}],"wp:featuredmedia":[{"embeddable":true,"href":"https:\/\/www.fxbodin.com\/iboga\/wp-json\/wp\/v2\/media\/4358"}],"wp:attachment":[{"href":"https:\/\/www.fxbodin.com\/iboga\/wp-json\/wp\/v2\/media?parent=455"}],"curies":[{"name":"wp","href":"https:\/\/api.w.org\/{rel}","templated":true}]}}